{"id":215,"date":"2017-09-11T01:31:48","date_gmt":"2017-09-10T22:31:48","guid":{"rendered":"http:\/\/dev.joomexp.com\/wordpress\/buildana\/?page_id=2"},"modified":"2026-04-16T01:53:39","modified_gmt":"2026-04-15T22:53:39","slug":"alasehir-taksi-2","status":"publish","type":"page","link":"https:\/\/www.taksialasehir.com\/","title":{"rendered":"Ala\u015fehir Taksi 0545 535 96 45"},"content":{"rendered":"\t\t<div data-elementor-type=\"wp-page\" data-elementor-id=\"215\" class=\"elementor elementor-215\" data-elementor-post-type=\"page\">\n\t\t\t\t<div class=\"elementor-element elementor-element-13d18afc e-flex e-con-boxed e-con e-parent\" data-id=\"13d18afc\" data-element_type=\"container\">\n\t\t\t\t\t<div class=\"e-con-inner\">\n\t\t<div class=\"elementor-element elementor-element-ba8387b e-con-full e-flex e-con e-child\" data-id=\"ba8387b\" data-element_type=\"container\">\n\t\t\t\t<div class=\"elementor-element elementor-element-28100986 elementor-widget elementor-widget-text-editor\" data-id=\"28100986\" data-element_type=\"widget\" data-widget_type=\"text-editor.default\">\n\t\t\t\t<div class=\"elementor-widget-container\">\n\t\t\t\t\t\t\t<h3><strong>Ala\u015fehir Taksi Telefon Numaralar\u0131m\u0131z<\/strong>:<\/h3>\n<p><!-- \/wp:heading --><!-- wp:heading {\"textAlign\":\"center\",\"level\":3,\"align\":\"center\"} --><\/p>\n<p><!-- \/wp:heading --><!-- wp:heading {\"textAlign\":\"center\",\"level\":3,\"align\":\"center\"} --><\/p>\n<p><!-- \/wp:heading --><!-- wp:heading {\"textAlign\":\"center\",\"level\":3,\"align\":\"center\"} --><\/p>\n<h3 class=\"has-text-align-center\"><strong><a href=\"tel: 05455359645\" data-type=\"tel\" data-id=\"tel: 05455359645\">0545 535 96 45<\/a><\/strong><\/h3>\n<h1>\u00a0<\/h1>\t\t\t\t\t\t<\/div>\n\t\t\t\t<\/div>\n\t\t\t\t<\/div>\n\t\t<div class=\"elementor-element elementor-element-2ffeca2 e-con-full e-flex e-con e-child\" data-id=\"2ffeca2\" data-element_type=\"container\">\n\t\t\t\t<div class=\"elementor-element elementor-element-e54eb48 elementor-widget elementor-widget-text-editor\" data-id=\"e54eb48\" data-element_type=\"widget\" data-widget_type=\"text-editor.default\">\n\t\t\t\t<div class=\"elementor-widget-container\">\n\t\t\t\t\t\t\t<h3>\u00a0 \u00a0 Ala\u015fehir SE\u00c7 Taksi<\/h3>\n<h3 class=\"has-text-align-center\"><strong>T\u00fcm taksi ihtiya\u00e7lar\u0131n\u0131zda, otel transferlerinde, i\u015f gezilerinizde sizi bekleyen \u00f6zel arac\u0131n\u0131z\u0131n rahatl\u0131\u011f\u0131nda, g\u00fcler y\u00fczl\u00fc, g\u00fcvenilir ve tecr\u00fcbeli personeliyle 7\/24 saat hizmetinizdeyiz.<\/strong><\/h3>\n<p><!-- \/wp:heading --><!-- wp:heading {\"level\":3,\"align\":\"center\"} --><\/p>\n<h3>\u00a0<\/h3>\t\t\t\t\t\t<\/div>\n\t\t\t\t<\/div>\n\t\t\t\t<\/div>\n\t\t\t\t\t<\/div>\n\t\t\t\t<\/div>\n\t\t<div class=\"elementor-element elementor-element-2b86023 e-flex e-con-boxed e-con e-parent\" data-id=\"2b86023\" data-element_type=\"container\">\n\t\t\t\t\t<div class=\"e-con-inner\">\n\t\t<div class=\"elementor-element elementor-element-42d3ca5 e-con-full e-flex e-con e-child\" data-id=\"42d3ca5\" data-element_type=\"container\">\n\t\t\t\t<div class=\"elementor-element elementor-element-3f456af elementor-widget elementor-widget-text-editor\" data-id=\"3f456af\" data-element_type=\"widget\" data-widget_type=\"text-editor.default\">\n\t\t\t\t<div class=\"elementor-widget-container\">\n\t\t\t\t\t\t\t<h3 class=\"has-text-align-center\">\u00a0<\/h3>\n<!-- \/wp:heading --><!-- wp:heading {\"level\":3,\"align\":\"center\"} -->\n<h3><strong>\u00d6zellikle siz m\u00fc\u015fterilerimizin memnuniyetinin devam\u0131 i\u00e7in arabam\u0131z yenilenmi\u015f olup hizmet kalitesini y\u00fckseltme \u00e7abalar\u0131m\u0131z devam etmektedir.<\/strong><\/h3>\n<!-- \/wp:heading -->\n<p>\u00a0<\/p>\t\t\t\t\t\t<\/div>\n\t\t\t\t<\/div>\n\t\t\t\t<\/div>\n\t\t\t\t\t<\/div>\n\t\t\t\t<\/div>\n\t\t<div class=\"elementor-element elementor-element-3998303 e-con-full e-flex e-con e-parent\" data-id=\"3998303\" data-element_type=\"container\">\n\t\t\t\t<div class=\"elementor-element elementor-element-4bcaf94 elementor-widget elementor-widget-text-editor\" data-id=\"4bcaf94\" data-element_type=\"widget\" data-widget_type=\"text-editor.default\">\n\t\t\t\t<div class=\"elementor-widget-container\">\n\t\t\t\t\t\t\t<iframe style=\"border: 0;\" src=\"https:\/\/www.google.com\/maps\/embed?pb=!1m14!1m8!1m3!1d6257.735027356538!2d28.5147355263977!3d38.35204837812705!3m2!1i1024!2i768!4f13.1!3m3!1m2!1s0x14b87b06fb095ae7%3A0x270cbaa7f08db71e!2sAla%C5%9Fehir%20Taksici!5e0!3m2!1sen!2sus!4v1730914327360!5m2!1sen!2sus\" width=\"100%\" height=\"450\" allowfullscreen=\"allowfullscreen\"><\/iframe>\t\t\t\t\t\t<\/div>\n\t\t\t\t<\/div>\n\t\t\t\t<\/div>\n\t\t\t\t<\/div>\n\t\t","protected":false},"excerpt":{"rendered":"<p>Ala\u015fehir Taksi Telefon Numaralar\u0131m\u0131z: 0545 535 96 45 \u00a0 \u00a0 \u00a0 Ala\u015fehir SE\u00c7 Taksi T\u00fcm taksi ihtiya\u00e7lar\u0131n\u0131zda, otel transferlerinde, i\u015f gezilerinizde sizi bekleyen \u00f6zel arac\u0131n\u0131z\u0131n rahatl\u0131\u011f\u0131nda, g\u00fcler y\u00fczl\u00fc, g\u00fcvenilir ve tecr\u00fcbeli personeliyle 7\/24 saat hizmetinizdeyiz. \u00a0 \u00a0 \u00d6zellikle siz m\u00fc\u015fterilerimizin memnuniyetinin devam\u0131 i\u00e7in arabam\u0131z yenilenmi\u015f olup hizmet kalitesini y\u00fckseltme \u00e7abalar\u0131m\u0131z devam etmektedir. \u00a0<\/p>\n","protected":false},"author":1,"featured_media":854,"parent":0,"menu_order":0,"comment_status":"closed","ping_status":"closed","template":"","meta":{"_joinchat":[],"footnotes":""},"class_list":["post-215","page","type-page","status-publish","has-post-thumbnail","hentry"],"_links":{"self":[{"href":"https:\/\/www.taksialasehir.com\/index.php\/wp-json\/wp\/v2\/pages\/215"}],"collection":[{"href":"https:\/\/www.taksialasehir.com\/index.php\/wp-json\/wp\/v2\/pages"}],"about":[{"href":"https:\/\/www.taksialasehir.com\/index.php\/wp-json\/wp\/v2\/types\/page"}],"author":[{"embeddable":true,"href":"https:\/\/www.taksialasehir.com\/index.php\/wp-json\/wp\/v2\/users\/1"}],"replies":[{"embeddable":true,"href":"https:\/\/www.taksialasehir.com\/index.php\/wp-json\/wp\/v2\/comments?post=215"}],"version-history":[{"count":7,"href":"https:\/\/www.taksialasehir.com\/index.php\/wp-json\/wp\/v2\/pages\/215\/revisions"}],"predecessor-version":[{"id":1342,"href":"https:\/\/www.taksialasehir.com\/index.php\/wp-json\/wp\/v2\/pages\/215\/revisions\/1342"}],"wp:featuredmedia":[{"embeddable":true,"href":"https:\/\/www.taksialasehir.com\/index.php\/wp-json\/wp\/v2\/media\/854"}],"wp:attachment":[{"href":"https:\/\/www.taksialasehir.com\/index.php\/wp-json\/wp\/v2\/media?parent=215"}],"curies":[{"name":"wp","href":"https:\/\/api.w.org\/{rel}","templated":true}]}}