{"id":1270,"date":"2024-10-30T23:50:22","date_gmt":"2024-10-30T20:50:22","guid":{"rendered":"https:\/\/www.taksialasehir.com\/index.php\/alasehir-merkez-yenice-mah-taksi\/"},"modified":"2024-10-30T23:50:22","modified_gmt":"2024-10-30T20:50:22","slug":"alasehir-merkez-yenice-mah-taksi","status":"publish","type":"page","link":"https:\/\/www.taksialasehir.com\/index.php\/alasehir-merkez-yenice-mah-taksi\/","title":{"rendered":"ALA\u015eEH\u0130R MERKEZ (YEN\u0130CE MAH) TAKS\u0130"},"content":{"rendered":"<div>\n<p>\n<strong>Ala\u015fehir Tepek\u00f6y<\/strong> &#8216;de ya\u015fayanlar i\u00e7in ula\u015f\u0131m art\u0131k \u00e7ok daha kolay! <strong>Ala\u015fehir Taksi<\/strong>  olarak, b\u00f6lge halk\u0131na g\u00fcvenilir ve konforlu bir taksi hizmeti sunuyoruz. <strong>7\/24 taksi hizmet<\/strong> veren deneyimli \u015fof\u00f6rlerimizle, herhangi bir yere h\u0131zl\u0131 ve g\u00fcvenli bir \u015fekilde ula\u015fabilirsiniz.\n<\/p>\n<p>\nSiz de\u011ferli m\u00fc\u015fterilerimize, uygun fiyatlar ve profesyonel hizmet sunmak i\u00e7in buraday\u0131z. Aileler, arkada\u015f gruplar\u0131 veya tek ba\u015f\u0131na seyahat edenler i\u00e7in, her t\u00fcrl\u00fc ihtiya\u00e7 i\u00e7in taksi hizmeti sunuyoruz. \u015eehir i\u00e7i ve \u015fehir d\u0131\u015f\u0131 yolculuklar\u0131n\u0131z i\u00e7in g\u00fcvenle bize ula\u015fabilirsiniz.\n<\/p>\n<p>\n<strong>Ala\u015fehir Taksi<\/strong> olarak, m\u00fc\u015fteri memnuniyetini her \u015feyden \u00f6nce tutuyoruz. G\u00fcvenilirlik, konfor ve zaman\u0131nda hizmet bizim \u00f6nceli\u011fimizdir. <strong>Ala\u015fehir Tepek\u00f6y<\/strong> &#8216;de taksi ihtiyac\u0131n\u0131z oldu\u011funda, bizimle ileti\u015fime ge\u00e7mekten \u00e7ekinmeyin.\n<\/p>\n<\/div>\n","protected":false},"excerpt":{"rendered":"<p>Ala\u015fehir Tepek\u00f6y &#8216;de ya\u015fayanlar i\u00e7in ula\u015f\u0131m art\u0131k \u00e7ok daha kolay! Ala\u015fehir Taksi olarak, b\u00f6lge halk\u0131na g\u00fcvenilir ve konforlu bir taksi hizmeti sunuyoruz. 7\/24 taksi hizmet veren deneyimli \u015fof\u00f6rlerimizle, herhangi bir yere h\u0131zl\u0131 ve g\u00fcvenli bir \u015fekilde ula\u015fabilirsiniz. Siz de\u011ferli m\u00fc\u015fterilerimize, uygun fiyatlar ve profesyonel hizmet sunmak i\u00e7in buraday\u0131z. Aileler, arkada\u015f gruplar\u0131 veya tek ba\u015f\u0131na seyahat [&hellip;]<\/p>\n","protected":false},"author":0,"featured_media":0,"parent":0,"menu_order":0,"comment_status":"closed","ping_status":"closed","template":"","meta":{"_joinchat":[],"footnotes":""},"class_list":["post-1270","page","type-page","status-publish","hentry"],"_links":{"self":[{"href":"https:\/\/www.taksialasehir.com\/index.php\/wp-json\/wp\/v2\/pages\/1270"}],"collection":[{"href":"https:\/\/www.taksialasehir.com\/index.php\/wp-json\/wp\/v2\/pages"}],"about":[{"href":"https:\/\/www.taksialasehir.com\/index.php\/wp-json\/wp\/v2\/types\/page"}],"replies":[{"embeddable":true,"href":"https:\/\/www.taksialasehir.com\/index.php\/wp-json\/wp\/v2\/comments?post=1270"}],"version-history":[{"count":0,"href":"https:\/\/www.taksialasehir.com\/index.php\/wp-json\/wp\/v2\/pages\/1270\/revisions"}],"wp:attachment":[{"href":"https:\/\/www.taksialasehir.com\/index.php\/wp-json\/wp\/v2\/media?parent=1270"}],"curies":[{"name":"wp","href":"https:\/\/api.w.org\/{rel}","templated":true}]}}