{"id":1224,"date":"2024-10-30T23:49:54","date_gmt":"2024-10-30T20:49:54","guid":{"rendered":"https:\/\/www.taksialasehir.com\/index.php\/alasehir-akkecili-taksi\/"},"modified":"2024-11-01T16:17:06","modified_gmt":"2024-11-01T13:17:06","slug":"alasehir-sec-taksi","status":"publish","type":"page","link":"https:\/\/www.taksialasehir.com\/index.php\/alasehir-sec-taksi\/","title":{"rendered":"ALA\u015eEH\u0130R SE\u00c7 TAKS\u0130 DURA\u011eI &#8211; 0536 772 35 00"},"content":{"rendered":"<h2 style=\"text-align: center;\"><\/h2>\n<p style=\"text-align: left;\"><strong>7\/24 Ula\u015fabilece\u011finiz Telefon Numaralar\u0131m\u0131z :<\/strong><\/p>\n<h1 style=\"text-align: center;\"><a href=\"Tel:05367723500\">0536 772 35 00<\/a><\/h1>\n<h1 style=\"text-align: center;\"><a href=\"Tel:05550622563\">0555 062 25 63<\/a><\/h1>\n<h1 style=\"text-align: center;\"><a href=\"Tel:05455359645\">0545 535 96 45<\/a><\/h1>\n<p>Ala\u015fehir\u2019de g\u00fcvenli ve konforlu ula\u015f\u0131m\u0131n adresi olan <em><strong>Ala\u015fehir Se\u00e7 Taksi<\/strong><\/em> ile yolculuklar\u0131n\u0131z\u0131 en iyi \u015fekilde tamamlay\u0131n. \u0130ster \u015fehir i\u00e7i, ister \u015fehir d\u0131\u015f\u0131 yolculuklar\u0131n\u0131zda, deneyimli \u015fof\u00f6rlerimiz ve bak\u0131ml\u0131 ara\u00e7lar\u0131m\u0131zla hizmetinizdeyiz.<\/p>\n<p><img fetchpriority=\"high\" decoding=\"async\" class=\"alignnone size-full wp-image-1301\" src=\"https:\/\/www.taksialasehir.com\/wp-content\/uploads\/2024\/11\/IMG_20230308_002535-scaled.jpg\" alt=\"\" width=\"1920\" height=\"2560\" srcset=\"https:\/\/www.taksialasehir.com\/wp-content\/uploads\/2024\/11\/IMG_20230308_002535-scaled.jpg 1920w, https:\/\/www.taksialasehir.com\/wp-content\/uploads\/2024\/11\/IMG_20230308_002535-768x1024.jpg 768w, https:\/\/www.taksialasehir.com\/wp-content\/uploads\/2024\/11\/IMG_20230308_002535-1152x1536.jpg 1152w, https:\/\/www.taksialasehir.com\/wp-content\/uploads\/2024\/11\/IMG_20230308_002535-1536x2048.jpg 1536w\" sizes=\"(max-width: 1920px) 100vw, 1920px\" \/><\/p>\n","protected":false},"excerpt":{"rendered":"<p>7\/24 Ula\u015fabilece\u011finiz Telefon Numaralar\u0131m\u0131z : 0536 772 35 00 0555 062 25 63 0545 535 96 45 Ala\u015fehir\u2019de g\u00fcvenli ve konforlu ula\u015f\u0131m\u0131n adresi olan Ala\u015fehir Se\u00e7 Taksi ile yolculuklar\u0131n\u0131z\u0131 en iyi \u015fekilde tamamlay\u0131n. \u0130ster \u015fehir i\u00e7i, ister \u015fehir d\u0131\u015f\u0131 yolculuklar\u0131n\u0131zda, deneyimli \u015fof\u00f6rlerimiz ve bak\u0131ml\u0131 ara\u00e7lar\u0131m\u0131zla hizmetinizdeyiz.<\/p>\n","protected":false},"author":1,"featured_media":0,"parent":0,"menu_order":0,"comment_status":"closed","ping_status":"closed","template":"","meta":{"_joinchat":[],"footnotes":""},"class_list":["post-1224","page","type-page","status-publish","hentry"],"_links":{"self":[{"href":"https:\/\/www.taksialasehir.com\/index.php\/wp-json\/wp\/v2\/pages\/1224"}],"collection":[{"href":"https:\/\/www.taksialasehir.com\/index.php\/wp-json\/wp\/v2\/pages"}],"about":[{"href":"https:\/\/www.taksialasehir.com\/index.php\/wp-json\/wp\/v2\/types\/page"}],"author":[{"embeddable":true,"href":"https:\/\/www.taksialasehir.com\/index.php\/wp-json\/wp\/v2\/users\/1"}],"replies":[{"embeddable":true,"href":"https:\/\/www.taksialasehir.com\/index.php\/wp-json\/wp\/v2\/comments?post=1224"}],"version-history":[{"count":0,"href":"https:\/\/www.taksialasehir.com\/index.php\/wp-json\/wp\/v2\/pages\/1224\/revisions"}],"wp:attachment":[{"href":"https:\/\/www.taksialasehir.com\/index.php\/wp-json\/wp\/v2\/media?parent=1224"}],"curies":[{"name":"wp","href":"https:\/\/api.w.org\/{rel}","templated":true}]}}